{"id":23803,"date":"2017-11-03T20:11:51","date_gmt":"2017-11-03T23:11:51","guid":{"rendered":"http:\/\/argentinatrickinggathering.com\/?page_id=23803"},"modified":"2020-12-13T02:08:31","modified_gmt":"2020-12-13T02:08:31","slug":"argentina-tricking-gathering","status":"publish","type":"page","link":"https:\/\/tricking.com.ar\/atg\/argentina-tricking-gathering\/","title":{"rendered":"Argentina Tricking Gathering"},"content":{"rendered":"<p>El Argentina Tricking Gathering, m\u00e1s conocido entre sus pares como ATG, es el evento m\u00e1s importante para el Tricking argentino. Surgido en 2014, gano gran popularidad desde el inicio por una serie de factores que lo diferenciaron del resto ya que su estructura contempla una serie de caracter\u00edsticas que lo hacen \u00fanico.<\/p>\n<h2>Caracter\u00edsticas de un evento \u00fanico<\/h2>\n<p>La particularidad de este evento es que nunca fue de un solo d\u00eda. Inicialmente fueron dos, y luego se extendi\u00f3 a tres. Se trata de un fin de semana compartiendo entre todos las vivencias de cada d\u00eda pero en un contexto poco habitual. En primer lugar, la ciudad cuenta con una geograf\u00eda \u00fanica. No por nada, Tandil es uno de los puntos turisticos m\u00e1s importantes del pa\u00eds ya que cuenta con unos paisajes incre\u00edbles combinados con una importante calidad de vida. Cada visitante del interior del pa\u00eds o internacional, valoran el estilo tranquilo y prolijo de la ciudad. Sumado a ello, el punto de alojamiento permite disfrutar de un enorme campo de entrenamiento con dormis y quincho compartidos donde todos pueden compartir cada instante del evento.<\/p>\n<p>El d\u00eda m\u00e1s importante de cada ATG, es el s\u00e1bado, el cual se realiza en un gimnasio ubicado en el centro de la ciudad. Algo que hace muy llamativo el evento, tanto para el p\u00fablico como para los participantes.<\/p>\n<p>Finalmente, otro aspecto no menos importante, es el hecho de contar con un transporte que moviliza a todo el grupo por toda la ciudad. El alojamiento y la competencia no lo es todo. Tambien es muy importante dejar un espacio para el turismo, para que cada participante pueda llevarse una postal.<\/p>\n<h2>Aspectos destacados del evento<\/h2>\n<p>Luego de recolectar diversas opiniones finalizada cada edici\u00f3n, estos son los tres puntos aspectos m\u00e1s destacados:<\/p>\n<ul>\n<li><strong>Organizaci\u00f3n:<\/strong> El Argentina Tricking Gathering ofrece una organizaci\u00f3n seria encargada de guiar a los participantes antes, durante y despu\u00e9s del evento, dando informaci\u00f3n precisa desde el arribo hasta la partida de los participantes.<\/li>\n<li><strong>Compa\u00f1erismo:<\/strong>\u00a0La caracter\u00edstica que m\u00e1s destaca el evento es el compa\u00f1erismo que se brinda en todo momento. Desde el incio del evento hasta el final, la propuesta es compartir los tres d\u00edas todos juntos, compartiendo no solo el alojamiento y las comidas, sino todo el evento en s\u00ed.<\/li>\n<li><strong>Diversi\u00f3n:<\/strong> M\u00e1s all\u00e1 del Tricking, la diversi\u00f3n es la caracter\u00edstica principal. Todos disfrutan el encuentro con la mejor buena onda haciendo el evento s\u00famamente amigable.<\/li>\n<\/ul>\n<h2>Ficha t\u00e9cnica del evento<\/h2>\n<p>Todas tus dudas las aclaramos a continuaci\u00f3n:<\/p>\n<ul>\n<li><strong>\u00bfD\u00f3nde se realiza el Argentina Tricking Gathering?<\/strong> El evento se realizar\u00e1 en Tandil, provincia de Buenos Aires, Argentina.<\/li>\n<li><strong>Alojamiento:<\/strong>\u00a0En las ediciones 2014, 2015, 2016 y 2018 se realiz\u00f3 en el &#8220;<strong>Club los 50<\/strong>&#8220;. El lugar cuenta con un gran campo verde, cancha de rugby, dormis compartidos para todos los participantes, ba\u00f1os, duchas y quincho comedor. Ver Detalles<\/li>\n<li><strong>Comidas y Viandas:<\/strong>\u00a0Las cenas del d\u00eda viernes y s\u00e1bado se realizan en el mismo centro de alojamiento, mientras que los mediod\u00edas del s\u00e1bado y domingo, los participantes cuentan con una bandeja de almuerzo.<\/li>\n<li><strong>Transporte:\u00a0<\/strong>Una vez que los participantes arriban, los traslados son parte de la organizaci\u00f3n del evento. Un transporte interno traslada a los participantes de un punto a otro.<\/li>\n<li><strong>Actividades:<\/strong>\u00a0Si bien las batallas son el atractivo principal, no son las \u00fanicas actividades que se realizan en el evento. Juegos, desaf\u00edos y m\u00e1s actividades son las que componen el evento.<\/li>\n<li><strong>Charlas \/ Seminarios:<\/strong>\u00a0En cada edici\u00f3n, los organizadores aprovechan la oportunidad para poder realizar distintas charlas relacionadas con el Tricking o dictado de seminarios.<\/li>\n<\/ul>\n<p><center><iframe loading=\"lazy\" width=\"560\" height=\"315\" src=\"https:\/\/www.youtube.com\/embed\/8hyXtgbvgno\" frameborder=\"0\" allow=\"accelerometer; autoplay; clipboard-write; encrypted-media; gyroscope; picture-in-picture\" allowfullscreen><\/iframe><\/center><\/p>\n","protected":false},"excerpt":{"rendered":"<p>El Argentina Tricking Gathering, m\u00e1s conocido entre sus pares como ATG, es el evento m\u00e1s importante para el Tricking argentino. Surgido en 2014, gano gran popularidad desde el inicio por una serie de factores que lo diferenciaron del resto ya que su estructura contempla una serie de caracter\u00edsticas que lo hacen \u00fanico. Caracter\u00edsticas de un [&hellip;]<\/p>\n","protected":false},"author":1,"featured_media":0,"parent":0,"menu_order":0,"comment_status":"closed","ping_status":"closed","template":"","meta":{"pgc_sgb_lightbox_settings":""},"_links":{"self":[{"href":"https:\/\/tricking.com.ar\/atg\/wp-json\/wp\/v2\/pages\/23803"}],"collection":[{"href":"https:\/\/tricking.com.ar\/atg\/wp-json\/wp\/v2\/pages"}],"about":[{"href":"https:\/\/tricking.com.ar\/atg\/wp-json\/wp\/v2\/types\/page"}],"author":[{"embeddable":true,"href":"https:\/\/tricking.com.ar\/atg\/wp-json\/wp\/v2\/users\/1"}],"replies":[{"embeddable":true,"href":"https:\/\/tricking.com.ar\/atg\/wp-json\/wp\/v2\/comments?post=23803"}],"version-history":[{"count":10,"href":"https:\/\/tricking.com.ar\/atg\/wp-json\/wp\/v2\/pages\/23803\/revisions"}],"predecessor-version":[{"id":25515,"href":"https:\/\/tricking.com.ar\/atg\/wp-json\/wp\/v2\/pages\/23803\/revisions\/25515"}],"wp:attachment":[{"href":"https:\/\/tricking.com.ar\/atg\/wp-json\/wp\/v2\/media?parent=23803"}],"curies":[{"name":"wp","href":"https:\/\/api.w.org\/{rel}","templated":true}]}}