{"id":25648,"date":"2020-12-20T14:28:47","date_gmt":"2020-12-20T14:28:47","guid":{"rendered":"https:\/\/tricking.com.ar\/atg\/?page_id=25648"},"modified":"2020-12-22T01:55:55","modified_gmt":"2020-12-22T01:55:55","slug":"argentina-tricking-gathering-2020","status":"publish","type":"page","link":"https:\/\/tricking.com.ar\/atg\/argentina-tricking-gathering-2020\/","title":{"rendered":"Argentina Tricking Gathering 2020"},"content":{"rendered":"<p>El 2020 sorprendi\u00f3 a toda la humanidad pasando a ser un a\u00f1o at\u00edpico y que ser\u00e1 recordado por toda la historia por la pandemia del Coronavirus. Todos los eventos masivos fueron cancelados, motivos por el cual, el &#8220;Argentina Tricking Gathering 2020&#8221; fue cancelado de forma presencial. Pero no fue motivo para una cancelaci\u00f3n total. En esta oportunidad, la propuesta fue una edici\u00f3n Online.<\/p>\n<p>Para esta edici\u00f3n, los participantes deb\u00edan enviar sus videos y se trat\u00f3 de mantener la escencia respecto a las batallas y a las sopresas.<\/p>\n<h2>Transmisi\u00f3n<\/h2>\n<p><center><iframe loading=\"lazy\" src=\"https:\/\/www.youtube.com\/embed\/WZpiuG27x-s\" width=\"560\" height=\"315\" frameborder=\"0\" allowfullscreen=\"allowfullscreen\"><\/iframe><\/center><\/p>\n<h2>Resultados de las actividades<\/h2>\n<p>Se realiz\u00f3 una presentaci\u00f3n de la categor\u00eda <strong>Infantil<\/strong>, ni\u00f1os hasta 12 a\u00f1os. Por primera vez se present\u00f3 la categor\u00eda <strong>Cadetes<\/strong>, de 13 a 17 a\u00f1os. Hubo <em>Battles<\/em> de <strong>Damas<\/strong> y de <strong>Caballeros Adultos<\/strong>.<\/p>\n<p>Los resultados finales fueron:<\/p>\n<h3>Categoria Cadetes:<\/h3>\n<p>1\u00ba Cefe Fabi\u00e1n (Tandil, Argentina)<br \/>\n2\u00ba Mateo Wander (Tandil, Argentina)<\/p>\n<p><a href=\"https:\/\/tricking.com.ar\/atg\/wp-content\/uploads\/2020\/12\/cadetes-atg-2020-pic.jpg\" rel=\"lightbox-0\"><img loading=\"lazy\" class=\"aligncenter size-large wp-image-25664\" src=\"https:\/\/tricking.com.ar\/atg\/wp-content\/uploads\/2020\/12\/cadetes-atg-2020-pic-1024x534.jpg\" alt=\"\" width=\"1024\" height=\"534\" srcset=\"https:\/\/tricking.com.ar\/atg\/wp-content\/uploads\/2020\/12\/cadetes-atg-2020-pic-1024x534.jpg 1024w, https:\/\/tricking.com.ar\/atg\/wp-content\/uploads\/2020\/12\/cadetes-atg-2020-pic-300x156.jpg 300w, https:\/\/tricking.com.ar\/atg\/wp-content\/uploads\/2020\/12\/cadetes-atg-2020-pic-768x400.jpg 768w, https:\/\/tricking.com.ar\/atg\/wp-content\/uploads\/2020\/12\/cadetes-atg-2020-pic-600x313.jpg 600w, https:\/\/tricking.com.ar\/atg\/wp-content\/uploads\/2020\/12\/cadetes-atg-2020-pic.jpg 1253w\" sizes=\"(max-width: 1024px) 100vw, 1024px\" \/><\/a><\/p>\n<h3>Categoria Damas:<\/h3>\n<p>1\u00ba Magui Rabal (C\u00f3rdoba, Argentina)<br \/>\n2\u00ba Elizabeth Hernandez (Chile)<\/p>\n<p><a href=\"https:\/\/tricking.com.ar\/atg\/wp-content\/uploads\/2020\/12\/mujeres-atg-2020-pic.jpg\" rel=\"lightbox-1\"><img loading=\"lazy\" class=\"aligncenter size-large wp-image-25665\" src=\"https:\/\/tricking.com.ar\/atg\/wp-content\/uploads\/2020\/12\/mujeres-atg-2020-pic-1024x558.jpg\" alt=\"\" width=\"1024\" height=\"558\" srcset=\"https:\/\/tricking.com.ar\/atg\/wp-content\/uploads\/2020\/12\/mujeres-atg-2020-pic-1024x558.jpg 1024w, https:\/\/tricking.com.ar\/atg\/wp-content\/uploads\/2020\/12\/mujeres-atg-2020-pic-300x163.jpg 300w, https:\/\/tricking.com.ar\/atg\/wp-content\/uploads\/2020\/12\/mujeres-atg-2020-pic-768x419.jpg 768w, https:\/\/tricking.com.ar\/atg\/wp-content\/uploads\/2020\/12\/mujeres-atg-2020-pic-600x327.jpg 600w, https:\/\/tricking.com.ar\/atg\/wp-content\/uploads\/2020\/12\/mujeres-atg-2020-pic.jpg 1369w\" sizes=\"(max-width: 1024px) 100vw, 1024px\" \/><\/a><\/p>\n<h3>Categoria Caballeros Adultos:<\/h3>\n<p>Debido a la gran cantidad de participantes, nuevamente se hicieron 8 grandes bloques de los que clasifican los 2 mejores de cada uno:<\/p>\n<p><a href=\"https:\/\/tricking.com.ar\/atg\/wp-content\/uploads\/2020\/12\/Eliminatorias-bloques-2020-pic.jpg\" rel=\"lightbox-2\"><img loading=\"lazy\" class=\"aligncenter size-large wp-image-25663\" src=\"https:\/\/tricking.com.ar\/atg\/wp-content\/uploads\/2020\/12\/Eliminatorias-bloques-2020-pic-1024x273.jpg\" alt=\"\" width=\"1024\" height=\"273\" srcset=\"https:\/\/tricking.com.ar\/atg\/wp-content\/uploads\/2020\/12\/Eliminatorias-bloques-2020-pic-1024x273.jpg 1024w, https:\/\/tricking.com.ar\/atg\/wp-content\/uploads\/2020\/12\/Eliminatorias-bloques-2020-pic-300x80.jpg 300w, https:\/\/tricking.com.ar\/atg\/wp-content\/uploads\/2020\/12\/Eliminatorias-bloques-2020-pic-768x205.jpg 768w, https:\/\/tricking.com.ar\/atg\/wp-content\/uploads\/2020\/12\/Eliminatorias-bloques-2020-pic-600x160.jpg 600w\" sizes=\"(max-width: 1024px) 100vw, 1024px\" \/><\/a><\/p>\n<p>En las instancias finales, los resultados fueron:<\/p>\n<p>1\u00ba Felipe Rafael (Brasil)<br \/>\n2\u00ba Matias Belintende (Argentina)<br \/>\n3\u00ba &#8220;Nano&#8221; (Argentina)<br \/>\n4\u00ba Jose Tapia (Chile)<\/p>\n<p><a href=\"https:\/\/tricking.com.ar\/atg\/wp-content\/uploads\/2020\/12\/Fixture-atg-2020-caballeros-pic.jpg\" rel=\"lightbox-3\"><img loading=\"lazy\" class=\"aligncenter size-large wp-image-25662\" src=\"https:\/\/tricking.com.ar\/atg\/wp-content\/uploads\/2020\/12\/Fixture-atg-2020-caballeros-pic-1024x468.jpg\" alt=\"\" width=\"1024\" height=\"468\" srcset=\"https:\/\/tricking.com.ar\/atg\/wp-content\/uploads\/2020\/12\/Fixture-atg-2020-caballeros-pic-1024x468.jpg 1024w, https:\/\/tricking.com.ar\/atg\/wp-content\/uploads\/2020\/12\/Fixture-atg-2020-caballeros-pic-300x137.jpg 300w, https:\/\/tricking.com.ar\/atg\/wp-content\/uploads\/2020\/12\/Fixture-atg-2020-caballeros-pic-768x351.jpg 768w, https:\/\/tricking.com.ar\/atg\/wp-content\/uploads\/2020\/12\/Fixture-atg-2020-caballeros-pic-600x274.jpg 600w, https:\/\/tricking.com.ar\/atg\/wp-content\/uploads\/2020\/12\/Fixture-atg-2020-caballeros-pic.jpg 1585w\" sizes=\"(max-width: 1024px) 100vw, 1024px\" \/><\/a><\/p>\n<h2>Presentaciones y Sorpresas<\/h2>\n<p>Durante la transmisi\u00f3n hubieron distintas charlas y saludos. Entre las charlas, una de ellas estuvo a cargo de Facundo Miralles. En cuanto a los saludos, uno de los sorpresivos fue el de\u00a0Gadiel Castillo de Venezuela como as\u00ed tambi\u00e9n de Felipe Rafael de Brasil.<\/p>\n<h3>Sorpresa: Jacob Pinto en 2021<\/h3>\n<p>La sorpresa m\u00e1s importante se present\u00f3 al final de la transmisi\u00f3n, al anunciarse el evento que se realizar\u00e1 el pr\u00f3ximo a\u00f1o en la ciudad de Buenos Aires: el &#8220;Internacional Tricking Gathering Argentina 2021&#8221; en donde el propio Jacob lo anunci\u00f3.<\/p>\n<h2>Organizaci\u00f3n del Evento<\/h2>\n<p>La propuesta estuvo a cargo de Nicol\u00e1s Jesa, presidente de la &#8220;Asociaci\u00f3n Tricking Argentina&#8221; y cont\u00f3 con la colaboraci\u00f3n de Dar\u00edo Ruarte de C\u00f3rdoba Capital. Diego Molina estuvo a cargo de la transmisi\u00f3n streaming por el canal de Youtube.<\/p>\n<h2>Participantes<\/h2>\n<p>Debido al contexto internacional y tan variable en cada punto del mundo, la convocatoria fue muy variable, al punto de que algunos participantes, entre una instancia y otra, ya no pudieron seguir grabando. A\u00fan as\u00ed, la sorpresa fue la cantidad de pa\u00edses participantes 9 en total (Argentina, Chile, Per\u00fa, Colombia, Brasil, Indonesia, Uruguay, Nicaragua y Venezuela).<\/p>\n<p>La sorpresa m\u00e1s grande fue la del participante de Indonesia.<\/p>\n<h3>Participantes 2020<\/h3>\n<table width=\"252\">\n<tbody>\n<tr>\n<td width=\"21\">1<\/td>\n<td width=\"151\">Dennis Franco<\/td>\n<td width=\"80\">Chile<\/td>\n<\/tr>\n<tr>\n<td>2<\/td>\n<td>Juli\u00e1n Macarr\u00f3n<\/td>\n<td>Argentina<\/td>\n<\/tr>\n<tr>\n<td>3<\/td>\n<td>Ariel Britez<\/td>\n<td>Argentina<\/td>\n<\/tr>\n<tr>\n<td>4<\/td>\n<td>Patrick Jo<\/td>\n<td>Per\u00fa<\/td>\n<\/tr>\n<tr>\n<td>5<\/td>\n<td>Aaron Canosa<\/td>\n<td>Argentina<\/td>\n<\/tr>\n<tr>\n<td>6<\/td>\n<td>Daro Ruarte<\/td>\n<td>Argentina<\/td>\n<\/tr>\n<tr>\n<td>7<\/td>\n<td>Leo Negrete<\/td>\n<td>Argentina<\/td>\n<\/tr>\n<tr>\n<td>8<\/td>\n<td>Diego Molina<\/td>\n<td>Argentina<\/td>\n<\/tr>\n<tr>\n<td>9<\/td>\n<td>Jes\u00fas Tantalean<\/td>\n<td>Per\u00fa<\/td>\n<\/tr>\n<tr>\n<td>10<\/td>\n<td>Felipe Rafael<\/td>\n<td>Brasil<\/td>\n<\/tr>\n<tr>\n<td>11<\/td>\n<td>Facundo Di Toro<\/td>\n<td>Argentina<\/td>\n<\/tr>\n<tr>\n<td>12<\/td>\n<td>Gabriel Valcarce<\/td>\n<td>Argentina<\/td>\n<\/tr>\n<tr>\n<td>13<\/td>\n<td>Erick Suarez<\/td>\n<td>Argentina<\/td>\n<\/tr>\n<tr>\n<td>14<\/td>\n<td>Matias Belintende<\/td>\n<td>Argentina<\/td>\n<\/tr>\n<tr>\n<td>15<\/td>\n<td>Gabriel Nicolas Garcia<\/td>\n<td>Argentina<\/td>\n<\/tr>\n<tr>\n<td>16<\/td>\n<td>Alancorks<\/td>\n<td>Per\u00fa<\/td>\n<\/tr>\n<tr>\n<td>17<\/td>\n<td>Jose Tapia Pizarro<\/td>\n<td>Chile<\/td>\n<\/tr>\n<tr>\n<td>18<\/td>\n<td>Nano<\/td>\n<td>Argentina<\/td>\n<\/tr>\n<tr>\n<td>19<\/td>\n<td>Jimmy Sugiarto<\/td>\n<td>Indonesia<\/td>\n<\/tr>\n<tr>\n<td>20<\/td>\n<td>Alexis Ordo\u00f1ez<\/td>\n<td>Colombia<\/td>\n<\/tr>\n<tr>\n<td>21<\/td>\n<td>Leandro Perez<\/td>\n<td>Argentina<\/td>\n<\/tr>\n<tr>\n<td>22<\/td>\n<td>Sebasti\u00e1n Kurpiel<\/td>\n<td>Argentina<\/td>\n<\/tr>\n<tr>\n<td>23<\/td>\n<td>Oscar &#8220;Rams\u00e9s&#8221; Ramos<\/td>\n<td>Argentina<\/td>\n<\/tr>\n<tr>\n<td>24<\/td>\n<td>Ciro<\/td>\n<td>Argentina<\/td>\n<\/tr>\n<tr>\n<td>25<\/td>\n<td>Alebkey tricks<\/td>\n<td>Per\u00fa<\/td>\n<\/tr>\n<tr>\n<td>26<\/td>\n<td>Gast\u00f3n Malondra<\/td>\n<td>Uruguay<\/td>\n<\/tr>\n<tr>\n<td>27<\/td>\n<td>Jordantricks<\/td>\n<td>Per\u00fa<\/td>\n<\/tr>\n<tr>\n<td>28<\/td>\n<td>Alex Medina<\/td>\n<td>Colombia<\/td>\n<\/tr>\n<tr>\n<td>29<\/td>\n<td>Franco Ortiz<\/td>\n<td>Argentina<\/td>\n<\/tr>\n<tr>\n<td>30<\/td>\n<td>Anibeyker<\/td>\n<td>Nicaragua<\/td>\n<\/tr>\n<tr>\n<td>31<\/td>\n<td>I\u00f1aki Poume<\/td>\n<td>Argentina<\/td>\n<\/tr>\n<tr>\n<td>32<\/td>\n<td>Facundo Miralles<\/td>\n<td>Argentina<\/td>\n<\/tr>\n<tr>\n<td>33<\/td>\n<td>Pablo Romero<\/td>\n<td>Argentina<\/td>\n<\/tr>\n<tr>\n<td>34<\/td>\n<td>&#8220;Tatto&#8221; Roa<\/td>\n<td>Argentina<\/td>\n<\/tr>\n<tr>\n<td>35<\/td>\n<td>Matto Spini<\/td>\n<td>Argentina<\/td>\n<\/tr>\n<tr>\n<td>36<\/td>\n<td>Emi Spilutini<\/td>\n<td>Argentina<\/td>\n<\/tr>\n<tr>\n<td>37<\/td>\n<td>Lucas Ganduglia<\/td>\n<td>Argentina<\/td>\n<\/tr>\n<tr>\n<td>38<\/td>\n<td>Seba Arraigada<\/td>\n<td>Argentina<\/td>\n<\/tr>\n<tr>\n<td>39<\/td>\n<td>Hector Brandan<\/td>\n<td>Argentina<\/td>\n<\/tr>\n<tr>\n<td>40<\/td>\n<td>Magui Rabal<\/td>\n<td>Argentina<\/td>\n<\/tr>\n<tr>\n<td>41<\/td>\n<td>Dana Guber<\/td>\n<td>Argentina<\/td>\n<\/tr>\n<tr>\n<td>42<\/td>\n<td>Clara Ambinder<\/td>\n<td>Argentina<\/td>\n<\/tr>\n<tr>\n<td>43<\/td>\n<td>Elizabeth Hernandez<\/td>\n<td>Chile<\/td>\n<\/tr>\n<tr>\n<td>44<\/td>\n<td>Bgirllike<\/td>\n<td>Per\u00fa<\/td>\n<\/tr>\n<tr>\n<td>45<\/td>\n<td>Abi<\/td>\n<td>Argentina<\/td>\n<\/tr>\n<tr>\n<td>46<\/td>\n<td>Valentina Verdier<\/td>\n<td>Argentina<\/td>\n<\/tr>\n<tr>\n<td>47<\/td>\n<td>Patricia<\/td>\n<td>Argentina<\/td>\n<\/tr>\n<tr>\n<td>48<\/td>\n<td>Fabio<\/td>\n<td>Per\u00fa<\/td>\n<\/tr>\n<tr>\n<td>49<\/td>\n<td>Cefe<\/td>\n<td>Argentina<\/td>\n<\/tr>\n<tr>\n<td>50<\/td>\n<td>Maty<\/td>\n<td>Argentina<\/td>\n<\/tr>\n<tr>\n<td>51<\/td>\n<td>Suyai<\/td>\n<td>Argentina<\/td>\n<\/tr>\n<tr>\n<td>52<\/td>\n<td>Santiago<\/td>\n<td>Argentina<\/td>\n<\/tr>\n<tr>\n<td>53<\/td>\n<td>Nacho Castillo<\/td>\n<td>Argentina<\/td>\n<\/tr>\n<tr>\n<td>54<\/td>\n<td>Alexandertricks<\/td>\n<td>Per\u00fa<\/td>\n<\/tr>\n<tr>\n<td>55<\/td>\n<td>Mateo Wander<\/td>\n<td>Argentina<\/td>\n<\/tr>\n<tr>\n<td>56<\/td>\n<td>Thunder<\/td>\n<td>Argentina<\/td>\n<\/tr>\n<tr>\n<td>57<\/td>\n<td>Anto<\/td>\n<td>Argentina<\/td>\n<\/tr>\n<tr>\n<td>58<\/td>\n<td>Isa<\/td>\n<td>Argentina<\/td>\n<\/tr>\n<tr>\n<td>59<\/td>\n<td>Thiagui<\/td>\n<td>Argentina<\/td>\n<\/tr>\n<tr>\n<td>60<\/td>\n<td>Leo Coscu<\/td>\n<td>Argentina<\/td>\n<\/tr>\n<tr>\n<td>61<\/td>\n<td>Uma<\/td>\n<td>Argentina<\/td>\n<\/tr>\n<tr>\n<td>62<\/td>\n<td>Emi Wander<\/td>\n<td>Argentina<\/td>\n<\/tr>\n<tr>\n<td>63<\/td>\n<td>Axel<\/td>\n<td>Argentina<\/td>\n<\/tr>\n<tr>\n<td>64<\/td>\n<td>Santiago Fernandez<\/td>\n<td>Argentina<\/td>\n<\/tr>\n<tr>\n<td>65<\/td>\n<td>Gadiel Castillo<\/td>\n<td>Venezuela<\/td>\n<\/tr>\n<tr>\n<td>66<\/td>\n<td>Nickkoshu<\/td>\n<td>Argentina<\/td>\n<\/tr>\n<tr>\n<td>67<\/td>\n<td>Yockkel<\/td>\n<td>Argentina<\/td>\n<\/tr>\n<tr>\n<td>68<\/td>\n<td>Gava<\/td>\n<td>Argentina<\/td>\n<\/tr>\n<tr>\n<td>69<\/td>\n<td>Iago<\/td>\n<td>Argentina<\/td>\n<\/tr>\n<tr>\n<td>70<\/td>\n<td>Thiago<\/td>\n<td>Brasil<\/td>\n<\/tr>\n<tr>\n<td>71<\/td>\n<td>Lauty<\/td>\n<td>Argentina<\/td>\n<\/tr>\n<tr>\n<td>72<\/td>\n<td>Agust\u00edn Martini<\/td>\n<td>Argentina<\/td>\n<\/tr>\n<tr>\n<td>73<\/td>\n<td>Fernando Campellone<\/td>\n<td>Argentina<\/td>\n<\/tr>\n<tr>\n<td>74<\/td>\n<td>Mat\u00edas Vega<\/td>\n<td>Argentina<\/td>\n<\/tr>\n<tr>\n<td>75<\/td>\n<td>Elias Juncos<\/td>\n<td>Argentina<\/td>\n<\/tr>\n<tr>\n<td>76<\/td>\n<td>Alejo Villafa\u00f1e<\/td>\n<td>Argentina<\/td>\n<\/tr>\n<tr>\n<td>77<\/td>\n<td>Fabri Blanco<\/td>\n<td>Argentina<\/td>\n<\/tr>\n<tr>\n<td>78<\/td>\n<td>Sara<\/td>\n<td>Argentina<\/td>\n<\/tr>\n<\/tbody>\n<\/table>\n","protected":false},"excerpt":{"rendered":"<p>El 2020 sorprendi\u00f3 a toda la humanidad pasando a ser un a\u00f1o at\u00edpico y que ser\u00e1 recordado por toda la historia por la pandemia del Coronavirus. Todos los eventos masivos fueron cancelados, motivos por el cual, el &#8220;Argentina Tricking Gathering 2020&#8221; fue cancelado de forma presencial. Pero no fue motivo para una cancelaci\u00f3n total. En [&hellip;]<\/p>\n","protected":false},"author":1,"featured_media":0,"parent":0,"menu_order":0,"comment_status":"closed","ping_status":"closed","template":"","meta":{"pgc_sgb_lightbox_settings":""},"_links":{"self":[{"href":"https:\/\/tricking.com.ar\/atg\/wp-json\/wp\/v2\/pages\/25648"}],"collection":[{"href":"https:\/\/tricking.com.ar\/atg\/wp-json\/wp\/v2\/pages"}],"about":[{"href":"https:\/\/tricking.com.ar\/atg\/wp-json\/wp\/v2\/types\/page"}],"author":[{"embeddable":true,"href":"https:\/\/tricking.com.ar\/atg\/wp-json\/wp\/v2\/users\/1"}],"replies":[{"embeddable":true,"href":"https:\/\/tricking.com.ar\/atg\/wp-json\/wp\/v2\/comments?post=25648"}],"version-history":[{"count":4,"href":"https:\/\/tricking.com.ar\/atg\/wp-json\/wp\/v2\/pages\/25648\/revisions"}],"predecessor-version":[{"id":25670,"href":"https:\/\/tricking.com.ar\/atg\/wp-json\/wp\/v2\/pages\/25648\/revisions\/25670"}],"wp:attachment":[{"href":"https:\/\/tricking.com.ar\/atg\/wp-json\/wp\/v2\/media?parent=25648"}],"curies":[{"name":"wp","href":"https:\/\/api.w.org\/{rel}","templated":true}]}}