{"id":25690,"date":"2022-07-16T03:42:00","date_gmt":"2022-07-16T03:42:00","guid":{"rendered":"https:\/\/tricking.com.ar\/atg\/?page_id=25690"},"modified":"2024-10-03T10:58:25","modified_gmt":"2024-10-03T10:58:25","slug":"inscripcion-atg-2024","status":"publish","type":"page","link":"https:\/\/tricking.com.ar\/atg\/inscripcion-atg-2024\/","title":{"rendered":"Inscripci\u00f3n ATG 2024"},"content":{"rendered":"\r\n<p><strong>CUPOS LIMITADOS!<\/strong><\/p>\r\n\r\n\r\n\r\n<p>Los primeros 40 inscriptos reciben:<\/p>\r\n\r\n\r\n\r\n<ul>\r\n<li><strong>KIT TRICKER<\/strong> (Remera, Folleto y m\u00e1s!)<\/li>\r\n<li><strong>Participaci\u00f3n en todas las actividades<\/strong><\/li>\r\n<li><strong>Dos noches de alojamiento<\/strong><\/li>\r\n<li><strong>Comidas<\/strong> (viernes: merienda y cena \/ Sabado: desayuno, vianda, cena \/ Domingo: desayuno)<\/li>\r\n<li><strong>Transporte<\/strong><\/li>\r\n<li><strong>Certificado de participaci\u00f3n<\/strong><\/li>\r\n<\/ul>\r\n\r\n\r\n\r\n<h3>Adem\u00e1s:<\/h3>\r\n\r\n\r\n\r\n<ul>\r\n<li>Conferencia Asociaci\u00f3n Tricking Argentina (Sin costo)<\/li>\r\n<li>Seminarios (Costo Adicional)<\/li>\r\n<li>Premios primeros lugares Batallas<\/li>\r\n<li>Sorteos!<\/li>\r\n<\/ul>\r\n<h2>Inscripci\u00f3n en 2 pasos<\/h2>\r\n\r\n\r\n\r\n<p>Para poder inscribirte, primero deber\u00e1s efectuar el pago y con una captura o foto del mismo, completar el formulario.<\/p>\r\n<h3><strong>1) Valores:<\/strong><\/h3>\r\n<ul>\r\n<li><strong>Pago \u00danico por Transferencia<\/strong>: $ 40.000 (CBU: 0720114788000036723236 \/ Alias: nicolasjesa)<\/li>\r\n<li><strong>En cuotas con Tarjeta: <\/strong>$ 45.000 (<a href=\"https:\/\/mpago.la\/2d4vuTq\" rel=\"noopener\">CLIC AQU\u00cd<\/a>)<\/li>\r\n<li><strong>En cuotas por Suscripi\u00f3n<\/strong>: $ 45.000 (4 cuotas) (<a href=\"https:\/\/www.mercadopago.com.ar\/subscriptions\/checkout?preapproval_plan_id=2c93808490edce740190f6bc8e10020b\" rel=\"noopener\">CLIC AQU\u00cd<\/a>)<br \/><strong>Extranjeros:<\/strong> USD 40 (V\u00eda Paypal: al siguiente mail: nicojesa@gmail.com)<\/li>\r\n<\/ul>\r\n\r\n\r\n\r\n<h3>2) Formulario de Inscripci\u00f3n<\/h3>\r\n<p>Con el comprobante de transferencia (foto o captura), deber\u00e1s completar el siguiente formulario:<\/p>\r\n<div role=\"form\" class=\"wpcf7\" id=\"wpcf7-f25735-o1\" lang=\"es-ES\" dir=\"ltr\">\n<div class=\"screen-reader-response\"><p role=\"status\" aria-live=\"polite\" aria-atomic=\"true\"><\/p> <ul><\/ul><\/div>\n<form action=\"\/atg\/wp-json\/wp\/v2\/pages\/25690#wpcf7-f25735-o1\" method=\"post\" class=\"wpcf7-form init\" enctype=\"multipart\/form-data\" novalidate=\"novalidate\" data-status=\"init\">\n<div style=\"display: none;\">\n<input type=\"hidden\" name=\"_wpcf7\" value=\"25735\" \/>\n<input type=\"hidden\" name=\"_wpcf7_version\" value=\"5.6\" \/>\n<input type=\"hidden\" name=\"_wpcf7_locale\" value=\"es_ES\" \/>\n<input type=\"hidden\" name=\"_wpcf7_unit_tag\" value=\"wpcf7-f25735-o1\" \/>\n<input type=\"hidden\" name=\"_wpcf7_container_post\" value=\"0\" \/>\n<input type=\"hidden\" name=\"_wpcf7_posted_data_hash\" value=\"\" \/>\n<\/div>\n<p><label> Apellido<br \/>\n    <span class=\"wpcf7-form-control-wrap\" data-name=\"apellido\"><input type=\"text\" name=\"apellido\" value=\"\" size=\"40\" class=\"wpcf7-form-control wpcf7-text wpcf7-validates-as-required\" aria-required=\"true\" aria-invalid=\"false\" \/><\/span> <\/label><\/p>\n<p><label> Nombres<br \/>\n<span class=\"wpcf7-form-control-wrap\" data-name=\"nombres\"><input type=\"text\" name=\"nombres\" value=\"\" size=\"40\" class=\"wpcf7-form-control wpcf7-text wpcf7-validates-as-required\" aria-required=\"true\" aria-invalid=\"false\" \/><\/span> <\/label><\/p>\n<p><label> Fecha de Nacimiento<br \/>\n    <span class=\"wpcf7-form-control-wrap\" data-name=\"nacimiento\"><input type=\"date\" name=\"nacimiento\" value=\"\" class=\"wpcf7-form-control wpcf7-date wpcf7-validates-as-required wpcf7-validates-as-date\" aria-required=\"true\" aria-invalid=\"false\" \/><\/span><\/label><\/p>\n<p><label> N\u00famero de Documento<br \/>\n<span class=\"wpcf7-form-control-wrap\" data-name=\"Documento\"><input type=\"number\" name=\"Documento\" value=\"\" class=\"wpcf7-form-control wpcf7-number wpcf7-validates-as-required wpcf7-validates-as-number\" aria-required=\"true\" aria-invalid=\"false\" \/><\/span><\/label><\/p>\n<p><label> Tu correo electr\u00f3nico<br \/>\n    <span class=\"wpcf7-form-control-wrap\" data-name=\"email\"><input type=\"email\" name=\"email\" value=\"\" size=\"40\" class=\"wpcf7-form-control wpcf7-text wpcf7-email wpcf7-validates-as-required wpcf7-validates-as-email\" aria-required=\"true\" aria-invalid=\"false\" \/><\/span> <\/label><\/p>\n<p><label> Celular<br \/>\n<span class=\"wpcf7-form-control-wrap\" data-name=\"Celular\"><input type=\"tel\" name=\"Celular\" value=\"\" size=\"40\" class=\"wpcf7-form-control wpcf7-text wpcf7-tel wpcf7-validates-as-required wpcf7-validates-as-tel\" aria-required=\"true\" aria-invalid=\"false\" \/><\/span><\/label><\/p>\n<p><label> Localidad, Provincia, Pa\u00eds<br \/>\n    <span class=\"wpcf7-form-control-wrap\" data-name=\"ciudad\"><input type=\"text\" name=\"ciudad\" value=\"\" size=\"40\" class=\"wpcf7-form-control wpcf7-text wpcf7-validates-as-required\" aria-required=\"true\" aria-invalid=\"false\" \/><\/span> <\/label><\/p>\n<p><label> Talle de Remera<br \/>\n<span class=\"wpcf7-form-control-wrap\" data-name=\"Talle\"><select name=\"Talle\" class=\"wpcf7-form-control wpcf7-select\" aria-invalid=\"false\"><option value=\"\">---<\/option><option value=\"S\">S<\/option><option value=\"M\">M<\/option><option value=\"L\">L<\/option><option value=\"XL\">XL<\/option><\/select><\/span><\/label><\/p>\n<p><label> Comprobante Transferencia (foto \/ captura)<br \/>\n<span class=\"wpcf7-form-control-wrap\" data-name=\"comprobante\"><input type=\"file\" name=\"comprobante\" size=\"40\" class=\"wpcf7-form-control wpcf7-file wpcf7-validates-as-required\" accept=\".pdf,.jpg,.jpeg,.png,.tiff,.gif,.doc,.docx\" aria-required=\"true\" aria-invalid=\"false\" \/><\/span><\/label> <\/p>\n<p><input type=\"submit\" value=\"Enviar\" class=\"wpcf7-form-control has-spinner wpcf7-submit\" \/><\/p>\n<div class=\"wpcf7-response-output\" aria-hidden=\"true\"><\/div><\/form><\/div>\r\n\r\n\r\n\r\n<p>&nbsp;<\/p>\r\n\r\n\r\n\r\n<p>&nbsp;<\/p>\r\n","protected":false},"excerpt":{"rendered":"<p>CUPOS LIMITADOS! Los primeros 40 inscriptos reciben: KIT TRICKER (Remera, Folleto y m\u00e1s!) Participaci\u00f3n en todas las actividades Dos noches de alojamiento Comidas (viernes: merienda y cena \/ Sabado: desayuno, vianda, cena \/ Domingo: desayuno) Transporte Certificado de participaci\u00f3n Adem\u00e1s: Conferencia Asociaci\u00f3n Tricking Argentina (Sin costo) Seminarios (Costo Adicional) Premios primeros lugares Batallas Sorteos! Inscripci\u00f3n [&hellip;]<\/p>\n","protected":false},"author":2,"featured_media":0,"parent":0,"menu_order":0,"comment_status":"closed","ping_status":"closed","template":"","meta":{"pgc_sgb_lightbox_settings":""},"_links":{"self":[{"href":"https:\/\/tricking.com.ar\/atg\/wp-json\/wp\/v2\/pages\/25690"}],"collection":[{"href":"https:\/\/tricking.com.ar\/atg\/wp-json\/wp\/v2\/pages"}],"about":[{"href":"https:\/\/tricking.com.ar\/atg\/wp-json\/wp\/v2\/types\/page"}],"author":[{"embeddable":true,"href":"https:\/\/tricking.com.ar\/atg\/wp-json\/wp\/v2\/users\/2"}],"replies":[{"embeddable":true,"href":"https:\/\/tricking.com.ar\/atg\/wp-json\/wp\/v2\/comments?post=25690"}],"version-history":[{"count":12,"href":"https:\/\/tricking.com.ar\/atg\/wp-json\/wp\/v2\/pages\/25690\/revisions"}],"predecessor-version":[{"id":25789,"href":"https:\/\/tricking.com.ar\/atg\/wp-json\/wp\/v2\/pages\/25690\/revisions\/25789"}],"wp:attachment":[{"href":"https:\/\/tricking.com.ar\/atg\/wp-json\/wp\/v2\/media?parent=25690"}],"curies":[{"name":"wp","href":"https:\/\/api.w.org\/{rel}","templated":true}]}}