{"id":25743,"date":"2024-07-27T02:50:47","date_gmt":"2024-07-27T02:50:47","guid":{"rendered":"https:\/\/tricking.com.ar\/atg\/?page_id=25743"},"modified":"2024-07-28T01:27:01","modified_gmt":"2024-07-28T01:27:01","slug":"argentina-tricking-gathering-2022","status":"publish","type":"page","link":"https:\/\/tricking.com.ar\/atg\/argentina-tricking-gathering-2022\/","title":{"rendered":"Argentina Tricking Gathering 2022"},"content":{"rendered":"<p>Finalmente despu\u00e9s de atravesar la pandemia y una edici\u00f3n Online, los trickers volvieron a reencontrarse en un ATG, en lo que fue la sexta edici\u00f3n del Gathering que re\u00fane a los trickers del pa\u00eds y pa\u00edses vecinos.<\/p>\n<p>En esta oportunidad, el punto de reuni\u00f3n fue el Club Talleres el d\u00eda viernes donde se realizaron las eliminatorias. La jornada del d\u00eda s\u00e1bado en el Centro Cultural Universitario como siempre y finalmente el d\u00eda domingo nuevamente en el Club Talleres.<\/p>\n<p>El alojamiento fue en Chacra El Centinela.<\/p>\n<h2>Resultados<\/h2>\n<p>A continuaci\u00f3n te compartimos los resultados de las batallas:<\/p>\n<h3>Batallas Masculinas<\/h3>\n<p><a href=\"https:\/\/tricking.com.ar\/atg\/wp-content\/uploads\/2024\/07\/grupos-atg-2022.jpg\" rel=\"lightbox-0\"><img loading=\"lazy\" class=\"aligncenter wp-image-25768 size-full\" src=\"https:\/\/tricking.com.ar\/atg\/wp-content\/uploads\/2024\/07\/grupos-atg-2022.jpg\" alt=\"\" width=\"938\" height=\"591\" srcset=\"https:\/\/tricking.com.ar\/atg\/wp-content\/uploads\/2024\/07\/grupos-atg-2022.jpg 938w, https:\/\/tricking.com.ar\/atg\/wp-content\/uploads\/2024\/07\/grupos-atg-2022-300x189.jpg 300w, https:\/\/tricking.com.ar\/atg\/wp-content\/uploads\/2024\/07\/grupos-atg-2022-768x484.jpg 768w, https:\/\/tricking.com.ar\/atg\/wp-content\/uploads\/2024\/07\/grupos-atg-2022-600x378.jpg 600w\" sizes=\"(max-width: 938px) 100vw, 938px\" \/><\/a><\/p>\n<p style=\"text-align: center;\"><a href=\"https:\/\/tricking.com.ar\/atg\/wp-content\/uploads\/2024\/07\/Battles-caballeres.jpg\" rel=\"lightbox-1\"><img loading=\"lazy\" class=\"aligncenter wp-image-25769 size-full\" src=\"https:\/\/tricking.com.ar\/atg\/wp-content\/uploads\/2024\/07\/Battles-caballeres.jpg\" alt=\"\" width=\"950\" height=\"652\" srcset=\"https:\/\/tricking.com.ar\/atg\/wp-content\/uploads\/2024\/07\/Battles-caballeres.jpg 950w, https:\/\/tricking.com.ar\/atg\/wp-content\/uploads\/2024\/07\/Battles-caballeres-300x206.jpg 300w, https:\/\/tricking.com.ar\/atg\/wp-content\/uploads\/2024\/07\/Battles-caballeres-768x527.jpg 768w, https:\/\/tricking.com.ar\/atg\/wp-content\/uploads\/2024\/07\/Battles-caballeres-600x412.jpg 600w\" sizes=\"(max-width: 950px) 100vw, 950px\" \/><\/a><\/p>\n<h3>Batallas Femeninas<\/h3>\n<p><a href=\"https:\/\/tricking.com.ar\/atg\/wp-content\/uploads\/2024\/07\/battles-damas.jpg\" rel=\"lightbox-2\"><img loading=\"lazy\" class=\"aligncenter wp-image-25770 size-full\" src=\"https:\/\/tricking.com.ar\/atg\/wp-content\/uploads\/2024\/07\/battles-damas.jpg\" alt=\"\" width=\"502\" height=\"465\" srcset=\"https:\/\/tricking.com.ar\/atg\/wp-content\/uploads\/2024\/07\/battles-damas.jpg 502w, https:\/\/tricking.com.ar\/atg\/wp-content\/uploads\/2024\/07\/battles-damas-300x278.jpg 300w\" sizes=\"(max-width: 502px) 100vw, 502px\" \/><\/a><\/p>\n<h2>Video<\/h2>\n<p><center><iframe loading=\"lazy\" title=\"YouTube video player\" src=\"https:\/\/www.youtube.com\/embed\/sivtJITcXgc?si=21WMthAQTTZcnb52\" width=\"560\" height=\"315\" frameborder=\"0\" allowfullscreen=\"allowfullscreen\"><\/iframe><\/center><\/p>\n","protected":false},"excerpt":{"rendered":"<p>Finalmente despu\u00e9s de atravesar la pandemia y una edici\u00f3n Online, los trickers volvieron a reencontrarse en un ATG, en lo que fue la sexta edici\u00f3n del Gathering que re\u00fane a los trickers del pa\u00eds y pa\u00edses vecinos. En esta oportunidad, el punto de reuni\u00f3n fue el Club Talleres el d\u00eda viernes donde se realizaron las [&hellip;]<\/p>\n","protected":false},"author":2,"featured_media":0,"parent":0,"menu_order":0,"comment_status":"closed","ping_status":"closed","template":"","meta":{"pgc_sgb_lightbox_settings":""},"_links":{"self":[{"href":"https:\/\/tricking.com.ar\/atg\/wp-json\/wp\/v2\/pages\/25743"}],"collection":[{"href":"https:\/\/tricking.com.ar\/atg\/wp-json\/wp\/v2\/pages"}],"about":[{"href":"https:\/\/tricking.com.ar\/atg\/wp-json\/wp\/v2\/types\/page"}],"author":[{"embeddable":true,"href":"https:\/\/tricking.com.ar\/atg\/wp-json\/wp\/v2\/users\/2"}],"replies":[{"embeddable":true,"href":"https:\/\/tricking.com.ar\/atg\/wp-json\/wp\/v2\/comments?post=25743"}],"version-history":[{"count":4,"href":"https:\/\/tricking.com.ar\/atg\/wp-json\/wp\/v2\/pages\/25743\/revisions"}],"predecessor-version":[{"id":25772,"href":"https:\/\/tricking.com.ar\/atg\/wp-json\/wp\/v2\/pages\/25743\/revisions\/25772"}],"wp:attachment":[{"href":"https:\/\/tricking.com.ar\/atg\/wp-json\/wp\/v2\/media?parent=25743"}],"curies":[{"name":"wp","href":"https:\/\/api.w.org\/{rel}","templated":true}]}}