{"id":25806,"date":"2024-12-07T22:58:06","date_gmt":"2024-12-07T22:58:06","guid":{"rendered":"https:\/\/tricking.com.ar\/atg\/?page_id=25806"},"modified":"2024-12-07T23:04:31","modified_gmt":"2024-12-07T23:04:31","slug":"atg2024","status":"publish","type":"page","link":"https:\/\/tricking.com.ar\/atg\/atg2024\/","title":{"rendered":"Argentina Tricking Gathering 2024 &#8211; Resultados"},"content":{"rendered":"<p>Lo pasados 29 y 30 de noviembre y 1 de diciembre se desarroll\u00f3 el <strong>Argentina Tricking Gathering<\/strong> edici\u00f3n 10 a\u00f1os al cumplirse dicha cantidad de a\u00f1os de la primer eici\u00f3n.<\/p>\n<p>En esta oportunidad, participaron un total de 53 participantes que incluy\u00f3 representantes de <strong>4 pa\u00edses<\/strong> (Argentina, Chile, Uruguay y Colombia) y <strong>7 provincias de nuestro pa\u00eds<\/strong> (Buenos Aires, C\u00f3rdoba, Santiago del Estero, Corrientes, Catamarca, Misiones y Mendoza).<\/p>\n<p style=\"text-align: center;\"><a href=\"https:\/\/tricking.com.ar\/atg\/wp-content\/uploads\/2024\/12\/FINAL-scaled.jpg\" rel=\"lightbox-0\"><img loading=\"lazy\" class=\"aligncenter size-medium wp-image-25821\" src=\"https:\/\/tricking.com.ar\/atg\/wp-content\/uploads\/2024\/12\/FINAL-300x300.jpg\" alt=\"\" width=\"300\" height=\"300\" srcset=\"https:\/\/tricking.com.ar\/atg\/wp-content\/uploads\/2024\/12\/FINAL-300x300.jpg 300w, https:\/\/tricking.com.ar\/atg\/wp-content\/uploads\/2024\/12\/FINAL-1024x1024.jpg 1024w, https:\/\/tricking.com.ar\/atg\/wp-content\/uploads\/2024\/12\/FINAL-150x150.jpg 150w, https:\/\/tricking.com.ar\/atg\/wp-content\/uploads\/2024\/12\/FINAL-768x768.jpg 768w, https:\/\/tricking.com.ar\/atg\/wp-content\/uploads\/2024\/12\/FINAL-1536x1536.jpg 1536w, https:\/\/tricking.com.ar\/atg\/wp-content\/uploads\/2024\/12\/FINAL-2048x2048.jpg 2048w, https:\/\/tricking.com.ar\/atg\/wp-content\/uploads\/2024\/12\/FINAL-600x600.jpg 600w, https:\/\/tricking.com.ar\/atg\/wp-content\/uploads\/2024\/12\/FINAL-100x100.jpg 100w\" sizes=\"(max-width: 300px) 100vw, 300px\" \/><\/a><\/p>\n<h2>D\u00eda Viernes<\/h2>\n<p>El primer d\u00eda di\u00f3 comienzo en las instalaciones del <strong>Club Talleres<\/strong> donde se realiz\u00f3 el saludo de bienvenida, un entrenamiento libre, las eliminatorias y una merienda. Luego de ello, los deportistas se trasladaron en un transporte particular a las instalaciones del <strong>Club Los 50<\/strong>, donde cenaron y descansaron.<\/p>\n<h2>D\u00eda S\u00e1bado<\/h2>\n<p>El d\u00eda sabado las actividades se realizaron en el gimnasio de la UNICEN.<\/p>\n<p>La primer actividad fue un seminario a cargo de <strong>Gast\u00f3n Malondra<\/strong>, en el que participaron alrededor de 20 personas.<\/p>\n<p>Luego de ello, se realizaron las tradiciones Batallas.<\/p>\n<p>Los resultados fueron:<\/p>\n<h3><strong>Batallas Caballeros:<\/strong><\/h3>\n<ol>\n<li>Dennis Franco (Chile)<\/li>\n<li>Leonardo Gonzalez ( Rio Cuarto, C\u00f3rdoba)<\/li>\n<li>Gast\u00f3n Malondra (Uruguay)<\/li>\n<\/ol>\n<p><a href=\"https:\/\/tricking.com.ar\/atg\/wp-content\/uploads\/2024\/12\/atg2024-1.jpg\" rel=\"lightbox-1\"><img loading=\"lazy\" class=\"aligncenter size-medium wp-image-25817\" src=\"https:\/\/tricking.com.ar\/atg\/wp-content\/uploads\/2024\/12\/atg2024-1-300x218.jpg\" alt=\"\" width=\"300\" height=\"218\" srcset=\"https:\/\/tricking.com.ar\/atg\/wp-content\/uploads\/2024\/12\/atg2024-1-300x218.jpg 300w, https:\/\/tricking.com.ar\/atg\/wp-content\/uploads\/2024\/12\/atg2024-1-768x558.jpg 768w, https:\/\/tricking.com.ar\/atg\/wp-content\/uploads\/2024\/12\/atg2024-1-600x436.jpg 600w, https:\/\/tricking.com.ar\/atg\/wp-content\/uploads\/2024\/12\/atg2024-1.jpg 995w\" sizes=\"(max-width: 300px) 100vw, 300px\" \/><\/a> <a href=\"https:\/\/tricking.com.ar\/atg\/wp-content\/uploads\/2024\/12\/atg2024-2.jpg\" rel=\"lightbox-2\"><img loading=\"lazy\" class=\"aligncenter wp-image-25818 size-large\" src=\"https:\/\/tricking.com.ar\/atg\/wp-content\/uploads\/2024\/12\/atg2024-2-1024x682.jpg\" alt=\"\" width=\"1024\" height=\"682\" srcset=\"https:\/\/tricking.com.ar\/atg\/wp-content\/uploads\/2024\/12\/atg2024-2-1024x682.jpg 1024w, https:\/\/tricking.com.ar\/atg\/wp-content\/uploads\/2024\/12\/atg2024-2-300x200.jpg 300w, https:\/\/tricking.com.ar\/atg\/wp-content\/uploads\/2024\/12\/atg2024-2-768x512.jpg 768w, https:\/\/tricking.com.ar\/atg\/wp-content\/uploads\/2024\/12\/atg2024-2-600x400.jpg 600w, https:\/\/tricking.com.ar\/atg\/wp-content\/uploads\/2024\/12\/atg2024-2.jpg 1027w\" sizes=\"(max-width: 1024px) 100vw, 1024px\" \/><\/a><\/p>\n<h3><strong>Batallas Damas:<\/strong><\/h3>\n<ol>\n<li>Dana Guber (Bah\u00eda Blanca, Bs As)<\/li>\n<li>Lucia Mamud (CABA)<\/li>\n<li>Sam Centeno (Colonia Caroya, C\u00f3rdoba)<\/li>\n<\/ol>\n<p><a href=\"https:\/\/tricking.com.ar\/atg\/wp-content\/uploads\/2024\/12\/atg2024-3.jpg\" rel=\"lightbox-3\"><img loading=\"lazy\" class=\"aligncenter wp-image-25820 size-medium\" src=\"https:\/\/tricking.com.ar\/atg\/wp-content\/uploads\/2024\/12\/atg2024-3-300x204.jpg\" alt=\"\" width=\"300\" height=\"204\" srcset=\"https:\/\/tricking.com.ar\/atg\/wp-content\/uploads\/2024\/12\/atg2024-3-300x204.jpg 300w, https:\/\/tricking.com.ar\/atg\/wp-content\/uploads\/2024\/12\/atg2024-3-1024x695.jpg 1024w, https:\/\/tricking.com.ar\/atg\/wp-content\/uploads\/2024\/12\/atg2024-3-768x521.jpg 768w, https:\/\/tricking.com.ar\/atg\/wp-content\/uploads\/2024\/12\/atg2024-3-600x407.jpg 600w, https:\/\/tricking.com.ar\/atg\/wp-content\/uploads\/2024\/12\/atg2024-3.jpg 1057w\" sizes=\"(max-width: 300px) 100vw, 300px\" \/><\/a><\/p>\n<h3><strong>Batallas Infantiles<\/strong><\/h3>\n<ol>\n<li>Le\u00f3n Jesa (Tandil, Bs As)<\/li>\n<\/ol>\n<h2>D\u00eda Domingo<\/h2>\n<p>El d\u00eda domingo se realiz\u00f3 una conferencia de la asociaci\u00f3n Tricking Argentina seguido por la presentaci\u00f3n de un proyecto web donde se publicar\u00e1 una biblioteca de movimientos de la disciplina. Luego de ello, se realiz\u00f3 un segundo seminario a cargo de <strong>Dennis Franco<\/strong>.<\/p>\n<p>Luego del almuerzo se realizaron los examenes para instructores donde los dos inscriptos aprobaron los examenes te\u00f3ricos y pr\u00e1cticos y se los entreg\u00f3 la certificaci\u00f3n junto a la banda azul de instructor. Ellos fueron <strong>Suyai Sayai<\/strong> (Alta Gracia, C\u00f3rdoba) y <strong>Leonardo Gonzalez<\/strong> (Rio Cuarto, C\u00f3rdoba).<\/p>\n<p><a href=\"https:\/\/tricking.com.ar\/atg\/wp-content\/uploads\/2024\/12\/IMG-20241201-WA0058.jpg\" rel=\"lightbox-4\"><img loading=\"lazy\" class=\"aligncenter wp-image-25808 size-medium\" src=\"https:\/\/tricking.com.ar\/atg\/wp-content\/uploads\/2024\/12\/IMG-20241201-WA0058-203x300.jpg\" alt=\"\" width=\"203\" height=\"300\" srcset=\"https:\/\/tricking.com.ar\/atg\/wp-content\/uploads\/2024\/12\/IMG-20241201-WA0058-203x300.jpg 203w, https:\/\/tricking.com.ar\/atg\/wp-content\/uploads\/2024\/12\/IMG-20241201-WA0058-692x1024.jpg 692w, https:\/\/tricking.com.ar\/atg\/wp-content\/uploads\/2024\/12\/IMG-20241201-WA0058-600x888.jpg 600w, https:\/\/tricking.com.ar\/atg\/wp-content\/uploads\/2024\/12\/IMG-20241201-WA0058.jpg 720w\" sizes=\"(max-width: 203px) 100vw, 203px\" \/><\/a><\/p>\n<p>Para finalizar se realiz\u00f3 la entrega de los certificados a todos los participantes del evento y una foto final para finalizar el evento.<\/p>\n<p><a href=\"https:\/\/tricking.com.ar\/wp-content\/uploads\/2024\/12\/IMG_20241201_142043-scaled-e1733581930536.jpg\" rel=\"lightbox-5\"><img loading=\"lazy\" class=\"aligncenter wp-image-6502 size-large\" src=\"https:\/\/tricking.com.ar\/wp-content\/uploads\/2024\/12\/IMG_20241201_142043-scaled-e1733581930536-1024x340.jpg\" alt=\"\" width=\"800\" height=\"266\" \/><\/a><\/p>\n","protected":false},"excerpt":{"rendered":"<p>Lo pasados 29 y 30 de noviembre y 1 de diciembre se desarroll\u00f3 el Argentina Tricking Gathering edici\u00f3n 10 a\u00f1os al cumplirse dicha cantidad de a\u00f1os de la primer eici\u00f3n. En esta oportunidad, participaron un total de 53 participantes que incluy\u00f3 representantes de 4 pa\u00edses (Argentina, Chile, Uruguay y Colombia) y 7 provincias de nuestro [&hellip;]<\/p>\n","protected":false},"author":2,"featured_media":0,"parent":0,"menu_order":0,"comment_status":"closed","ping_status":"closed","template":"","meta":{"pgc_sgb_lightbox_settings":""},"_links":{"self":[{"href":"https:\/\/tricking.com.ar\/atg\/wp-json\/wp\/v2\/pages\/25806"}],"collection":[{"href":"https:\/\/tricking.com.ar\/atg\/wp-json\/wp\/v2\/pages"}],"about":[{"href":"https:\/\/tricking.com.ar\/atg\/wp-json\/wp\/v2\/types\/page"}],"author":[{"embeddable":true,"href":"https:\/\/tricking.com.ar\/atg\/wp-json\/wp\/v2\/users\/2"}],"replies":[{"embeddable":true,"href":"https:\/\/tricking.com.ar\/atg\/wp-json\/wp\/v2\/comments?post=25806"}],"version-history":[{"count":4,"href":"https:\/\/tricking.com.ar\/atg\/wp-json\/wp\/v2\/pages\/25806\/revisions"}],"predecessor-version":[{"id":25823,"href":"https:\/\/tricking.com.ar\/atg\/wp-json\/wp\/v2\/pages\/25806\/revisions\/25823"}],"wp:attachment":[{"href":"https:\/\/tricking.com.ar\/atg\/wp-json\/wp\/v2\/media?parent=25806"}],"curies":[{"name":"wp","href":"https:\/\/api.w.org\/{rel}","templated":true}]}}